{"id":17527,"date":"2024-05-19T14:19:55","date_gmt":"2024-05-19T12:19:55","guid":{"rendered":"https:\/\/www.hautarzt-markovic.de\/uvjeti\/"},"modified":"2024-05-19T14:28:09","modified_gmt":"2024-05-19T12:28:09","slug":"uvjeti","status":"publish","type":"page","link":"https:\/\/staging.hautarzt-markovic.de\/hr\/uvjeti\/","title":{"rendered":"Uvjeti"},"content":{"rendered":"\t\t<div data-elementor-type=\"wp-page\" data-elementor-id=\"17527\" class=\"elementor elementor-17527 elementor-17506\" data-elementor-post-type=\"page\">\n\t\t\t\t<div class=\"elementor-element elementor-element-56eed29 e-flex e-con-boxed e-con e-parent\" data-id=\"56eed29\" data-element_type=\"container\" data-settings=\"{&quot;jet_parallax_layout_list&quot;:[]}\">\n\t\t\t\t\t<div class=\"e-con-inner\">\n\t\t<div class=\"elementor-element elementor-element-8d72287 e-con-full e-flex e-con e-child\" data-id=\"8d72287\" data-element_type=\"container\" data-settings=\"{&quot;jet_parallax_layout_list&quot;:[]}\">\n\t\t\t\t<div class=\"elementor-element elementor-element-327653b elementor-widget elementor-widget-heading\" data-id=\"327653b\" data-element_type=\"widget\" data-widget_type=\"heading.default\">\n\t\t\t\t<div class=\"elementor-widget-container\">\n\t\t\t<h2 class=\"elementor-heading-title elementor-size-default\">Op\u0107i uvjeti poslovanja<\/h2>\t\t<\/div>\n\t\t\t\t<\/div>\n\t\t\t\t<div class=\"elementor-element elementor-element-721ec79 elementor-widget elementor-widget-heading\" data-id=\"721ec79\" data-element_type=\"widget\" data-widget_type=\"heading.default\">\n\t\t\t\t<div class=\"elementor-widget-container\">\n\t\t\t<h2 class=\"elementor-heading-title elementor-size-default\">Privatna dermatolo\u0161ka ordinacija na adresi Schweizer Platz 56 u 60594 Frankfurt na Majni, Dr. med. (SR) Aleksandar Markovi\u0107  <\/h2>\t\t<\/div>\n\t\t\t\t<\/div>\n\t\t\t\t<div class=\"elementor-element elementor-element-5b3a843 elementor-widget-divider--view-line elementor-widget elementor-widget-divider\" data-id=\"5b3a843\" data-element_type=\"widget\" data-widget_type=\"divider.default\">\n\t\t\t\t<div class=\"elementor-widget-container\">\n\t\t\t\t\t<div class=\"elementor-divider\">\n\t\t\t<span class=\"elementor-divider-separator\">\n\t\t\t\t\t\t<\/span>\n\t\t<\/div>\n\t\t\t\t<\/div>\n\t\t\t\t<\/div>\n\t\t\t\t<\/div>\n\t\t\t\t<div class=\"elementor-element elementor-element-a44d020 elementor-widget elementor-widget-text-editor\" data-id=\"a44d020\" data-element_type=\"widget\" data-widget_type=\"text-editor.default\">\n\t\t\t\t<div class=\"elementor-widget-container\">\n\t\t\t\t\t\t\t<h3>\u00a7 1 Djelokrug<\/h3>\n<p>(1) Ako nije druga\u010dije ugovoreno, ovi Op\u0107i uvjeti primjenjuju se na ugovorne odnose izme\u0111u lije\u010dnika i pacijenta ili izme\u0111u lije\u010dni\u010dke ordinacije i pacijenta.<br>(2) Lije\u010dnici u smislu Op\u0107ih uvjeta su i lije\u010dnici zaposleni u na\u0161oj ordinaciji.<br>(3) Ako je ugovor o lije\u010denju sklopljen s drugom osobom, a ne s bolesnikom, propisi se na nju jednako primjenjuju.<\/p>\n<h3>\u00a7 2 Pravni odnos<\/h3>\n<p>Pravni odnosi izme\u0111u lije\u010dnika i pacijenta privatnopravne su prirode.<\/p>\n<h3>\u00a7 3 Medicinska dokumentacija i za\u0161tita podataka<\/h3>\n<p>(1) Medicinska dokumentacija vlasni\u0161tvo je lije\u010dnika.<\/p>\n<p>(2) Pacijent ili njegov ovla\u0161tenik ima pravo uvida u medicinsku dokumentaciju i dobivanja obavijesti. Ne postoji pravo na povrat originalnih dokumenata.<\/p>\n<p>(3) Iznimno od stavka 2., mogu\u0107e je privremeno ustupanje izvornika dokumenata odvjetniku kojeg ovlasti pacijent, ako to nije u prete\u017eitoj suprotnosti s interesima lije\u010dnika. Nastali tro\u0161kovi moraju se nadoknaditi prije otpreme. Transfer se mo\u017ee odbiti dok se ne podmire tro\u0161kovi. Primitak zapisa mora biti potvr\u0111en.<\/p>\n<p>(4) Prikupljanje, kori\u0161tenje i obrada podataka, uklju\u010duju\u0107i i njihov prijenos, odvija se u skladu sa zakonskim propisima, posebice odredbama o za\u0161titi podataka, medicinskoj tajnosti i dru\u0161tvenoj tajni. Odricanje od povjerljivosti vrijedi samo u komunikaciji s va\u0161im drugim lije\u010dnicima.<br>(5) Za provjeru podataka i adrese koju ste nam dali, va\u0161 identifikacijski dokument mo\u017ee se vidjeti na na\u0161em \u0161alteru za registraciju pacijenata.<\/p>\n<h3>\u00a7 4 Program opoziva<\/h3>\n<p>Kako biste privatnoj dermatolo\u0161koj ordinaciji Schweizer Platz omogu\u0107ili pru\u017eanje pro\u0161irene medicinske skrbi, pristajete na pohranjivanje Va\u0161ih podataka koji su nu\u017eni za Va\u0161u osobnu identifikaciju. Kao dio programa opoziva za naknadne tretmane, na primjer, pristajete da vas se kontaktira putem va\u0161eg telefonskog broja, adrese e-po\u0161te ili po\u0161tom. Ovi podaci ostaju u sustavu privatne dermatolo\u0161ke ordinacije Schweizer Platz i ne\u0107e se proslje\u0111ivati. Tako\u0111er pristajete na podsjetnik na budu\u0107e termine u ordinaciji putem Doctolib platforme za termine putem tekstualne poruke i\/ili e-po\u0161te. Doctolib se obvezuje pridr\u017eavati se njema\u010dkih i europskih propisa za za\u0161titu osobnih podataka, posebice Op\u0107e uredbe o za\u0161titi podataka (EU) od 27. travnja 2016. (&#8220;GDPR&#8221;).<\/p>\n<h3>\u00a7 5 Naknada za otkazivanje<\/h3>\n<p>(1) Praksa je isklju\u010divo praksa naru\u010divanja. Dogovoreni termini tretmana su fiksni termini. Termini tretmana rezervirani su isklju\u010divo za pacijenta.<\/p>\n<p>(2) Ako pacijent ne mo\u017ee do\u0107i na termin, du\u017ean je pravodobno obavijestiti ordinaciju o sprije\u010denosti:<\/p>\n<p>najmanje 24 sata unaprijed pisanim putem e-po\u0161tom na: info@hautarzt-markovic.de kako bismo mogli planirati planirano vrijeme za Vas na drugom mjestu. Vrijeme se odnosi na radne dane. Ukoliko su termini u ponedjeljak, tada se termini moraju otkazati prije vikenda. \u010cisto odbijanje putem portala Doctolib ne\u0107e biti prihva\u0107eno. Ovaj sporazum ne samo da slu\u017ei izbjegavanju vremena \u010dekanja u organizacijskom smislu, ve\u0107 tako\u0111er stvara ugovorne obveze za obje strane. Ukoliko ne otka\u017eete termin na vrijeme, bit \u0107e Vam napla\u0107en dogovoreni termin i naknada ili neiskori\u0161teno vrijeme.<\/p>\n<p>(3) Ako se ne pojavite na dogovoreni datum, fakturirati \u0107emo vam puni iznos izgubljene naknade ili dogovorene cijene, ali najmanje 70 \u20ac. Dogovoreno je da \u0107e u suprotnom do\u0107i do ka\u0161njenja u prihva\u0107anju ako se dogovoreni datum ne otka\u017ee i ne po\u0161tuje na vrijeme.<\/p>\n<p>(4) Pozivanje na nedostupnost ordinacije telefonom ili, ako nije bila dostupna, e-po\u0161tom, nije opravdanje za nepravovremeno dostavljen otkaz.<br>(5) Zahtjev za naknadu \u0161tete ne vrijedi ako pacijent nije bio kriv i bio je evidentno sprije\u010den otkazati ili do\u0107i na termin na vrijeme. Dokaz o tome mora se dostaviti bez tra\u017eenja u roku od 7 radnih dana.<br>(6) Pacijent tako\u0111er mo\u017ee slobodno dokazati da lije\u010dnik nije pretrpio nikakvu \u0161tetu ili da je pretrpio manju \u0161tetu od pau\u0161alne.<\/p>\n<p>(7) Pripadaju\u0107a naknada dospijeva na naplatu najkasnije u zakonskom roku pla\u0107anja od 30 dana.<\/p>\n<h3>\u00a7 6 Propisi o pla\u0107anju<\/h3>\n<p>Za lije\u010denje za privatne medicinske usluge i elektivne medicinske usluge:<\/p>\n<p>(1) Ordinacija prima naknadu na temelju pru\u017eanja ovih zdravstvenih usluga<br>u skladu sa smjernicama Rasporeda naknada za lije\u010dnike (GO\u00c4) u zadnjoj verziji od 1. svibnja 2001. i, ako je primjenjivo, analognim preporukama Njema\u010dkog lije\u010dni\u010dkog zbora za naplatu do 2,3 puta standardne stope, au slu\u010daju gore navedenog -prosje\u010dna te\u017eina ili utro\u0161ak vremena do 3,5 puta ve\u0107i od standardne stope za medicinske naknade i 2,5 puta ve\u0107i od stope za tehni\u010dke usluge. Sva dodatna pove\u0107anja bit \u0107e pojedina\u010dno usmeno dogovorena unaprijed i zabilje\u017eena u pisanom obliku u va\u0161oj kartoteci pacijenta. Ne mogu se uzeti u obzir razli\u010dite odredbe o pomo\u0107i ili tarife osiguranja.  <br>(2) Po potrebi se koriste tzv. analogni brojevi (obi\u010dno prema preporukama Njema\u010dkog lije\u010dni\u010dkog zbora). Analogni brojevi odnose se na usluge koje nisu ili nedovoljno evidentirane u GO\u010c. Ako usluge pru\u017eaju tre\u0107e strane (npr. laboratorij, histologija), one \u0107e pacijentu izdati poseban ra\u010dun.<\/p>\n<p>(3) Me\u0111utim, izri\u010dito ne preuzimamo jamstvo da \u0107e iznos ra\u010duna biti u potpunosti nadokna\u0111en od strane osiguravatelja ili agencija za pomo\u0107, jer je &#8220;usmjeravanje medicinskih radnji prema nepoznatim opcijama naknade osigurane osobe u njihovoj raznolikosti nedopustivo&#8221; (OLG Koblenz 6U286\/ 87 i 7U50\/85). Pri tome se, izme\u0111u ostalog, uva\u017eava \u010dinjenica da je za kvalitetno i cjelovito pru\u017eanje usluga u skladu sa zdravstvenom potrebom odgovoran isklju\u010divo lije\u010dnik, a ne platitelj.<\/p>\n<p>(4 ) Obvezu pla\u0107anja ispravno izdanog zdravstvenog ra\u010duna snosi pacijent ili njegov zakonski zastupnik. Prema pravnoj osnovi GO\u00c4, izdani ra\u010dun dospijeva na pla\u0107anje odmah po primitku.<\/p>\n<p>(5) U slu\u010daju \u010disto estetskih problema, nema obveze nadoknade tro\u0161kova. U tim smo slu\u010dajevima du\u017eni naplatiti zakonski propisani PDV na iznos fakture i uplatiti ga poreznoj upravi. Medicinski nu\u017ene usluge, me\u0111utim, oslobo\u0111ene su PDV-a.<\/p>\n<p>(6) Naknada dospijeva najkasnije u roku od 30 dana od izdavanja ra\u010duna. Pacijenta se upozorava da pristojbu mora platiti u cijelosti \u010dak i ako privatno zdravstveno osiguranje, davatelj subvencije ili drugi nositelji tro\u0161kova ne vrate naknadu u cijelosti. Preporu\u010da se da pacijent unaprijed razjasni ho\u0107e li tro\u0161kovi lije\u010denja biti pokriveni.<br>(7) Za izborne medicinske usluge (IGeL) koje se temelje na Slu\u017ebenim tarifama za lije\u010dnike (GO\u00c4) u skladu s Odjeljcima 1-12 (osim Odjeljka 2 GO\u00c4), primjenjuje se ugovor o naknadama po sljede\u0107im stopama naknada:  <br>a) lije\u010dni\u010dku uslugu od 1 do 5 puta<br>b) medicinske i tehni\u010dke usluge od 1 do 5 puta<br>\u2022 Odlu\u010duju\u0107i \u010dimbenik za odluku o dogovoru o naknadi je da \u017eeljeno lije\u010denje nije dio recepta ugovornog lije\u010dnika<br>\u2022 Za odluku je presudno da je \u017eeljeno lije\u010denje dio propisanog zdravstvenog osiguranja, ali pacijent \u017eeli privatno lije\u010denje i likvidaciju iz osobnih razloga.<\/p>\n<p>Za elektivne medicinske usluge pacijent se prije po\u010detka lije\u010denja informira o o\u010dekivanim ukupnim tro\u0161kovima. Ra\u010duni za elektivne medicinske usluge dospijevaju odmah, u suprotnom molimo da se ra\u010duni podmire unutar 3 tjedna od datuma ra\u010duna. Naravno, svatko mo\u017ee ne\u0161to zaboraviti, ali svaki nu\u017eni podsjetnik se napla\u0107uje jer snosimo i tro\u0161kove (ispis, po\u0161tarina, tro\u0161kovi osoblja). Nakon dva potrebna podsjetnika, stvar predajemo izravno Fiduzia Inkasso.<\/p>\n<p>(8) Zakonski skrbnici pridru\u017euju se zahtjevima prema svojoj djeci.<\/p>\n<h3>\u00a7 7. Zabrana ustupanja<\/h3>\n<p>Ustupanje pravomo\u0107no utvr\u0111enih ili nespornih tra\u017ebina iz lije\u010dni\u010dkog odnosa je isklju\u010deno osim ako se s tim unaprijed ne suglasi lije\u010dnik.<\/p>\n<h3>\u00a7 8 Ograni\u010denje odgovornosti<\/h3>\n<p>(1) Ordinacija odgovara samo za \u0161tetu donesenih stvari koje su ostale na brizi pacijenta, gubitak novca ili dragocjenosti u slu\u010daju namjere ili krajnje nepa\u017enje.<\/p>\n<p>(2) Ne preuzima se odgovornost za garderobu pacijenta.<\/p>\n<h3>\u00a7 9 Zavr\u0161na odredba<\/h3>\n<p>Ukoliko odredbe ovih Op\u0107ih uvjeta budu ili postanu neva\u017ee\u0107e ili sadr\u017ee prazninu, ostale odredbe ostaju nepromijenjene.<br>O promjeni adrese i drugih podataka va\u017enih za obra\u010dun i lije\u010dni\u010dku skrb ordinaciju je potrebno pravodobno obavijestiti.<br>Od 1. travnja 2024<\/p>\t\t\t\t\t\t<\/div>\n\t\t\t\t<\/div>\n\t\t\t\t\t<\/div>\n\t\t\t\t<\/div>\n\t\t\t\t<\/div>\n\t\t","protected":false},"excerpt":{"rendered":"<p>Op\u0107i uvjeti poslovanja Privatna dermatolo\u0161ka ordinacija na adresi Schweizer Platz 56 u 60594 Frankfurt na Majni, Dr. med. (SR) Aleksandar Markovi\u0107 \u00a7 1 Djelokrug (1) Ako nije druga\u010dije ugovoreno, ovi Op\u0107i uvjeti primjenjuju se na ugovorne odnose izme\u0111u lije\u010dnika i pacijenta ili izme\u0111u lije\u010dni\u010dke ordinacije i pacijenta.(2) Lije\u010dnici u smislu Op\u0107ih uvjeta su i lije\u010dnici [&hellip;]<\/p>\n","protected":false},"author":3,"featured_media":0,"parent":0,"menu_order":0,"comment_status":"closed","ping_status":"closed","template":"","meta":{"footnotes":""},"class_list":["post-17527","page","type-page","status-publish","hentry"],"rankMath":{"parentDomain":"hautarzt-markovic.de","noFollowDomains":[],"noFollowExcludeDomains":[],"noFollowExternalLinks":false,"featuredImageNotice":"The featured image should be at least 200 by 200 pixels to be picked up by Facebook and other social media sites.","pluginReviewed":false,"postSettings":{"linkSuggestions":true,"useFocusKeyword":false},"frontEndScore":false,"postName":"uvjeti","permalinkFormat":"https:\/\/staging.hautarzt-markovic.de\/hr\/%pagename%\/","showLockModifiedDate":true,"assessor":{"focusKeywordLink":"https:\/\/staging.hautarzt-markovic.de\/wp-admin\/edit.php?focus_keyword=%focus_keyword%&post_type=%post_type%","hasTOCPlugin":true,"primaryTaxonomy":false,"serpData":{"title":"","description":"","focusKeywords":"","pillarContent":false,"canonicalUrl":"","breadcrumbTitle":"","advancedRobots":{"max-snippet":"-1","max-video-preview":"-1","max-image-preview":"large"},"facebookTitle":"","facebookDescription":"","facebookImage":"","facebookImageID":"","facebookHasOverlay":false,"facebookImageOverlay":"","facebookAuthor":"","twitterCardType":"","twitterUseFacebook":true,"twitterTitle":"","twitterDescription":"","twitterImage":"","twitterImageID":"","twitterHasOverlay":false,"twitterImageOverlay":"","twitterPlayerUrl":"","twitterPlayerSize":"","twitterPlayerStream":"","twitterPlayerStreamCtype":"","twitterAppDescription":"","twitterAppIphoneName":"","twitterAppIphoneID":"","twitterAppIphoneUrl":"","twitterAppIpadName":"","twitterAppIpadID":"","twitterAppIpadUrl":"","twitterAppGoogleplayName":"","twitterAppGoogleplayID":"","twitterAppGoogleplayUrl":"","twitterAppCountry":"","robots":{"noindex":true},"twitterAuthor":"username","primaryTerm":0,"authorName":"Anton Horst","titleTemplate":"%title% %sep% %sitename%","descriptionTemplate":"%excerpt%","showScoreFrontend":true,"lockModifiedDate":false},"powerWords":[],"diacritics":{"A":"[\\u0041\\u24B6\\uFF21\\u00C0\\u00C1\\u00C2\\u1EA6\\u1EA4\\u1EAA\\u1EA8\\u00C3\\u0100\\u0102\\u1EB0\\u1EAE\\u1EB4\\u1EB2\\u0226\\u01E0\\u00C4\\u01DE\\u1EA2\\u00C5\\u01FA\\u01CD\\u0200\\u0202\\u1EA0\\u1EAC\\u1EB6\\u1E00\\u0104\\u023A\\u2C6F]","AA":"[\\uA732]","AE":"[\\u00C6\\u01FC\\u01E2]","AO":"[\\uA734]","AU":"[\\uA736]","AV":"[\\uA738\\uA73A]","AY":"[\\uA73C]","B":"[\\u0042\\u24B7\\uFF22\\u1E02\\u1E04\\u1E06\\u0243\\u0182\\u0181]","C":"[\\u0043\\u24B8\\uFF23\\u0106\\u0108\\u010A\\u010C\\u00C7\\u1E08\\u0187\\u023B\\uA73E]","D":"[\\u0044\\u24B9\\uFF24\\u1E0A\\u010E\\u1E0C\\u1E10\\u1E12\\u1E0E\\u0110\\u018B\\u018A\\u0189\\uA779]","DZ":"[\\u01F1\\u01C4]","Dz":"[\\u01F2\\u01C5]","E":"[\\u0045\\u24BA\\uFF25\\u00C8\\u00C9\\u00CA\\u1EC0\\u1EBE\\u1EC4\\u1EC2\\u1EBC\\u0112\\u1E14\\u1E16\\u0114\\u0116\\u00CB\\u1EBA\\u011A\\u0204\\u0206\\u1EB8\\u1EC6\\u0228\\u1E1C\\u0118\\u1E18\\u1E1A\\u0190\\u018E]","F":"[\\u0046\\u24BB\\uFF26\\u1E1E\\u0191\\uA77B]","G":"[\\u0047\\u24BC\\uFF27\\u01F4\\u011C\\u1E20\\u011E\\u0120\\u01E6\\u0122\\u01E4\\u0193\\uA7A0\\uA77D\\uA77E]","H":"[\\u0048\\u24BD\\uFF28\\u0124\\u1E22\\u1E26\\u021E\\u1E24\\u1E28\\u1E2A\\u0126\\u2C67\\u2C75\\uA78D]","I":"[\\u0049\\u24BE\\uFF29\\u00CC\\u00CD\\u00CE\\u0128\\u012A\\u012C\\u0130\\u00CF\\u1E2E\\u1EC8\\u01CF\\u0208\\u020A\\u1ECA\\u012E\\u1E2C\\u0197]","J":"[\\u004A\\u24BF\\uFF2A\\u0134\\u0248]","K":"[\\u004B\\u24C0\\uFF2B\\u1E30\\u01E8\\u1E32\\u0136\\u1E34\\u0198\\u2C69\\uA740\\uA742\\uA744\\uA7A2]","L":"[\\u004C\\u24C1\\uFF2C\\u013F\\u0139\\u013D\\u1E36\\u1E38\\u013B\\u1E3C\\u1E3A\\u0141\\u023D\\u2C62\\u2C60\\uA748\\uA746\\uA780]","LJ":"[\\u01C7]","Lj":"[\\u01C8]","M":"[\\u004D\\u24C2\\uFF2D\\u1E3E\\u1E40\\u1E42\\u2C6E\\u019C]","N":"[\\u004E\\u24C3\\uFF2E\\u01F8\\u0143\\u00D1\\u1E44\\u0147\\u1E46\\u0145\\u1E4A\\u1E48\\u0220\\u019D\\uA790\\uA7A4]","NJ":"[\\u01CA]","Nj":"[\\u01CB]","O":"[\\u004F\\u24C4\\uFF2F\\u00D2\\u00D3\\u00D4\\u1ED2\\u1ED0\\u1ED6\\u1ED4\\u00D5\\u1E4C\\u022C\\u1E4E\\u014C\\u1E50\\u1E52\\u014E\\u022E\\u0230\\u00D6\\u022A\\u1ECE\\u0150\\u01D1\\u020C\\u020E\\u01A0\\u1EDC\\u1EDA\\u1EE0\\u1EDE\\u1EE2\\u1ECC\\u1ED8\\u01EA\\u01EC\\u00D8\\u01FE\\u0186\\u019F\\uA74A\\uA74C]","OI":"[\\u01A2]","OO":"[\\uA74E]","OU":"[\\u0222]","P":"[\\u0050\\u24C5\\uFF30\\u1E54\\u1E56\\u01A4\\u2C63\\uA750\\uA752\\uA754]","Q":"[\\u0051\\u24C6\\uFF31\\uA756\\uA758\\u024A]","R":"[\\u0052\\u24C7\\uFF32\\u0154\\u1E58\\u0158\\u0210\\u0212\\u1E5A\\u1E5C\\u0156\\u1E5E\\u024C\\u2C64\\uA75A\\uA7A6\\uA782]","S":"[\\u0053\\u24C8\\uFF33\\u1E9E\\u015A\\u1E64\\u015C\\u1E60\\u0160\\u1E66\\u1E62\\u1E68\\u0218\\u015E\\u2C7E\\uA7A8\\uA784]","T":"[\\u0054\\u24C9\\uFF34\\u1E6A\\u0164\\u1E6C\\u021A\\u0162\\u1E70\\u1E6E\\u0166\\u01AC\\u01AE\\u023E\\uA786]","TZ":"[\\uA728]","U":"[\\u0055\\u24CA\\uFF35\\u00D9\\u00DA\\u00DB\\u0168\\u1E78\\u016A\\u1E7A\\u016C\\u00DC\\u01DB\\u01D7\\u01D5\\u01D9\\u1EE6\\u016E\\u0170\\u01D3\\u0214\\u0216\\u01AF\\u1EEA\\u1EE8\\u1EEE\\u1EEC\\u1EF0\\u1EE4\\u1E72\\u0172\\u1E76\\u1E74\\u0244]","V":"[\\u0056\\u24CB\\uFF36\\u1E7C\\u1E7E\\u01B2\\uA75E\\u0245]","VY":"[\\uA760]","W":"[\\u0057\\u24CC\\uFF37\\u1E80\\u1E82\\u0174\\u1E86\\u1E84\\u1E88\\u2C72]","X":"[\\u0058\\u24CD\\uFF38\\u1E8A\\u1E8C]","Y":"[\\u0059\\u24CE\\uFF39\\u1EF2\\u00DD\\u0176\\u1EF8\\u0232\\u1E8E\\u0178\\u1EF6\\u1EF4\\u01B3\\u024E\\u1EFE]","Z":"[\\u005A\\u24CF\\uFF3A\\u0179\\u1E90\\u017B\\u017D\\u1E92\\u1E94\\u01B5\\u0224\\u2C7F\\u2C6B\\uA762]","a":"[\\u0061\\u24D0\\uFF41\\u1E9A\\u00E0\\u00E1\\u00E2\\u1EA7\\u1EA5\\u1EAB\\u1EA9\\u00E3\\u0101\\u0103\\u1EB1\\u1EAF\\u1EB5\\u1EB3\\u0227\\u01E1\\u00E4\\u01DF\\u1EA3\\u00E5\\u01FB\\u01CE\\u0201\\u0203\\u1EA1\\u1EAD\\u1EB7\\u1E01\\u0105\\u2C65\\u0250]","aa":"[\\uA733]","ae":"[\\u00E6\\u01FD\\u01E3]","ao":"[\\uA735]","au":"[\\uA737]","av":"[\\uA739\\uA73B]","ay":"[\\uA73D]","b":"[\\u0062\\u24D1\\uFF42\\u1E03\\u1E05\\u1E07\\u0180\\u0183\\u0253]","c":"[\\u0063\\u24D2\\uFF43\\u0107\\u0109\\u010B\\u010D\\u00E7\\u1E09\\u0188\\u023C\\uA73F\\u2184]","d":"[\\u0064\\u24D3\\uFF44\\u1E0B\\u010F\\u1E0D\\u1E11\\u1E13\\u1E0F\\u0111\\u018C\\u0256\\u0257\\uA77A]","dz":"[\\u01F3\\u01C6]","e":"[\\u0065\\u24D4\\uFF45\\u00E8\\u00E9\\u00EA\\u1EC1\\u1EBF\\u1EC5\\u1EC3\\u1EBD\\u0113\\u1E15\\u1E17\\u0115\\u0117\\u00EB\\u1EBB\\u011B\\u0205\\u0207\\u1EB9\\u1EC7\\u0229\\u1E1D\\u0119\\u1E19\\u1E1B\\u0247\\u025B\\u01DD]","f":"[\\u0066\\u24D5\\uFF46\\u1E1F\\u0192\\uA77C]","g":"[\\u0067\\u24D6\\uFF47\\u01F5\\u011D\\u1E21\\u011F\\u0121\\u01E7\\u0123\\u01E5\\u0260\\uA7A1\\u1D79\\uA77F]","h":"[\\u0068\\u24D7\\uFF48\\u0125\\u1E23\\u1E27\\u021F\\u1E25\\u1E29\\u1E2B\\u1E96\\u0127\\u2C68\\u2C76\\u0265]","hv":"[\\u0195]","i":"[\\u0069\\u24D8\\uFF49\\u00EC\\u00ED\\u00EE\\u0129\\u012B\\u012D\\u00EF\\u1E2F\\u1EC9\\u01D0\\u0209\\u020B\\u1ECB\\u012F\\u1E2D\\u0268\\u0131]","j":"[\\u006A\\u24D9\\uFF4A\\u0135\\u01F0\\u0249]","k":"[\\u006B\\u24DA\\uFF4B\\u1E31\\u01E9\\u1E33\\u0137\\u1E35\\u0199\\u2C6A\\uA741\\uA743\\uA745\\uA7A3]","l":"[\\u006C\\u24DB\\uFF4C\\u0140\\u013A\\u013E\\u1E37\\u1E39\\u013C\\u1E3D\\u1E3B\\u017F\\u0142\\u019A\\u026B\\u2C61\\uA749\\uA781\\uA747]","lj":"[\\u01C9]","m":"[\\u006D\\u24DC\\uFF4D\\u1E3F\\u1E41\\u1E43\\u0271\\u026F]","n":"[\\u006E\\u24DD\\uFF4E\\u01F9\\u0144\\u00F1\\u1E45\\u0148\\u1E47\\u0146\\u1E4B\\u1E49\\u019E\\u0272\\u0149\\uA791\\uA7A5]","nj":"[\\u01CC]","o":"[\\u006F\\u24DE\\uFF4F\\u00F2\\u00F3\\u00F4\\u1ED3\\u1ED1\\u1ED7\\u1ED5\\u00F5\\u1E4D\\u022D\\u1E4F\\u014D\\u1E51\\u1E53\\u014F\\u022F\\u0231\\u00F6\\u022B\\u1ECF\\u0151\\u01D2\\u020D\\u020F\\u01A1\\u1EDD\\u1EDB\\u1EE1\\u1EDF\\u1EE3\\u1ECD\\u1ED9\\u01EB\\u01ED\\u00F8\\u01FF\\u0254\\uA74B\\uA74D\\u0275]","oi":"[\\u01A3]","ou":"[\\u0223]","oo":"[\\uA74F]","p":"[\\u0070\\u24DF\\uFF50\\u1E55\\u1E57\\u01A5\\u1D7D\\uA751\\uA753\\uA755]","q":"[\\u0071\\u24E0\\uFF51\\u024B\\uA757\\uA759]","r":"[\\u0072\\u24E1\\uFF52\\u0155\\u1E59\\u0159\\u0211\\u0213\\u1E5B\\u1E5D\\u0157\\u1E5F\\u024D\\u027D\\uA75B\\uA7A7\\uA783]","s":"[\\u0073\\u24E2\\uFF53\\u015B\\u1E65\\u015D\\u1E61\\u0161\\u1E67\\u1E63\\u1E69\\u0219\\u015F\\u023F\\uA7A9\\uA785\\u1E9B]","ss":"[\\u00DF]","t":"[\\u0074\\u24E3\\uFF54\\u1E6B\\u1E97\\u0165\\u1E6D\\u021B\\u0163\\u1E71\\u1E6F\\u0167\\u01AD\\u0288\\u2C66\\uA787]","tz":"[\\uA729]","u":"[\\u0075\\u24E4\\uFF55\\u00F9\\u00FA\\u00FB\\u0169\\u1E79\\u016B\\u1E7B\\u016D\\u00FC\\u01DC\\u01D8\\u01D6\\u01DA\\u1EE7\\u016F\\u0171\\u01D4\\u0215\\u0217\\u01B0\\u1EEB\\u1EE9\\u1EEF\\u1EED\\u1EF1\\u1EE5\\u1E73\\u0173\\u1E77\\u1E75\\u0289]","v":"[\\u0076\\u24E5\\uFF56\\u1E7D\\u1E7F\\u028B\\uA75F\\u028C]","vy":"[\\uA761]","w":"[\\u0077\\u24E6\\uFF57\\u1E81\\u1E83\\u0175\\u1E87\\u1E85\\u1E98\\u1E89\\u2C73]","x":"[\\u0078\\u24E7\\uFF58\\u1E8B\\u1E8D]","y":"[\\u0079\\u24E8\\uFF59\\u1EF3\\u00FD\\u0177\\u1EF9\\u0233\\u1E8F\\u00FF\\u1EF7\\u1E99\\u1EF5\\u01B4\\u024F\\u1EFF]","z":"[\\u007A\\u24E9\\uFF5A\\u017A\\u1E91\\u017C\\u017E\\u1E93\\u1E95\\u01B6\\u0225\\u0240\\u2C6C\\uA763]"},"researchesTests":["contentHasTOC","contentHasShortParagraphs","contentHasAssets","keywordInTitle","keywordInMetaDescription","keywordInPermalink","keywordIn10Percent","keywordInContent","keywordInSubheadings","keywordInImageAlt","keywordDensity","keywordNotUsed","lengthContent","lengthPermalink","linksHasInternal","linksHasExternals","linksNotAllExternals","titleStartWithKeyword","titleSentiment","titleHasPowerWords","titleHasNumber","hasContentAI"],"hasRedirection":true,"hasBreadcrumb":false},"homeUrl":"https:\/\/staging.hautarzt-markovic.de\/hr\/","objectID":17527,"objectType":"post","locale":"hr","localeFull":"hr","overlayImages":{"play":{"name":"Play icon","url":"https:\/\/staging.hautarzt-markovic.de\/wp-content\/plugins\/seo-by-rank-math\/assets\/admin\/img\/icon-play.png","path":"\/www\/htdocs\/w01e6ff6\/staging.hautarzt-markovic.de\/wp-content\/plugins\/seo-by-rank-math\/assets\/admin\/img\/icon-play.png","position":"middle_center"},"gif":{"name":"GIF icon","url":"https:\/\/staging.hautarzt-markovic.de\/wp-content\/plugins\/seo-by-rank-math\/assets\/admin\/img\/icon-gif.png","path":"\/www\/htdocs\/w01e6ff6\/staging.hautarzt-markovic.de\/wp-content\/plugins\/seo-by-rank-math\/assets\/admin\/img\/icon-gif.png","position":"middle_center"}},"defautOgImage":"https:\/\/staging.hautarzt-markovic.de\/wp-content\/plugins\/seo-by-rank-math\/assets\/admin\/img\/social-placeholder.jpg","customPermalinks":true,"isUserRegistered":true,"autoSuggestKeywords":true,"connectSiteUrl":"https:\/\/rankmath.com\/auth?site=https%3A%2F%2Fstaging.hautarzt-markovic.de%2Fhr%2F&r=https%3A%2F%2Fstaging.hautarzt-markovic.de%2Fhr%2Fwp-json%2Fwp%2Fv2%2Fpages%2F17527%3Fnonce%3D0ee48da3f4&pro=1","maxTags":100,"trendsIcon":"<svg viewBox=\"0 0 610 610\"><path d=\"M18.85,446,174.32,290.48l58.08,58.08L76.93,504a14.54,14.54,0,0,1-20.55,0L18.83,466.48a14.54,14.54,0,0,1,0-20.55Z\" style=\"fill:#4285f4\"\/><path d=\"M242.65,242.66,377.59,377.6l-47.75,47.75a14.54,14.54,0,0,1-20.55,0L174.37,290.43l47.75-47.75A14.52,14.52,0,0,1,242.65,242.66Z\" style=\"fill:#ea4335\"\/><polygon points=\"319.53 319.53 479.26 159.8 537.34 217.88 377.61 377.62 319.53 319.53\" style=\"fill:#fabb05\"\/><path d=\"M594.26,262.73V118.61h0a16.94,16.94,0,0,0-16.94-16.94H433.2a16.94,16.94,0,0,0-12,28.92L565.34,274.71h0a16.94,16.94,0,0,0,28.92-12Z\" style=\"fill:#34a853\"\/><rect width=\"610\" height=\"610\" style=\"fill:none\"\/><\/svg>","showScore":true,"siteFavIcon":"https:\/\/staging.hautarzt-markovic.de\/wp-content\/uploads\/2022\/04\/hautarztlogo_ico-1.png-1-150x150.webp","canUser":{"general":false,"advanced":false,"snippet":false,"social":false,"analysis":false,"analytics":false,"content_ai":false},"isPro":true,"is_front_page":false,"trendsUpgradeLink":"https:\/\/rankmath.com\/pricing\/?utm_source=Plugin&utm_medium=CE%20General%20Tab%20Trends&utm_campaign=WP","trendsUpgradeLabel":"Upgrade","trendsPreviewImage":"https:\/\/staging.hautarzt-markovic.de\/wp-content\/plugins\/seo-by-rank-math\/assets\/admin\/img\/trends-preview.jpg","currentEditor":false,"homepageData":{"assessor":{"powerWords":[],"diacritics":true,"researchesTests":["contentHasTOC","contentHasShortParagraphs","contentHasAssets","keywordInTitle","keywordInMetaDescription","keywordInPermalink","keywordIn10Percent","keywordInContent","keywordInSubheadings","keywordInImageAlt","keywordDensity","keywordNotUsed","lengthContent","lengthPermalink","linksHasInternal","linksHasExternals","linksNotAllExternals","titleStartWithKeyword","titleSentiment","titleHasPowerWords","titleHasNumber","hasContentAI"],"hasBreadcrumb":false,"serpData":{"title":"%sitename% %page% %sep% %sitedesc%","description":"","titleTemplate":"%sitename% %page% %sep% %sitedesc%","descriptionTemplate":"","focusKeywords":"","breadcrumbTitle":"Home","robots":{"index":true},"advancedRobots":{"max-snippet":"-1","max-video-preview":"-1","max-image-preview":"large"},"facebookTitle":"","facebookDescription":"","facebookImage":"","facebookImageID":""}}},"tocTitle":"Table of Contents","tocExcludeHeadings":[],"listStyle":"ul"},"_links":{"self":[{"href":"https:\/\/staging.hautarzt-markovic.de\/hr\/wp-json\/wp\/v2\/pages\/17527","targetHints":{"allow":["GET"]}}],"collection":[{"href":"https:\/\/staging.hautarzt-markovic.de\/hr\/wp-json\/wp\/v2\/pages"}],"about":[{"href":"https:\/\/staging.hautarzt-markovic.de\/hr\/wp-json\/wp\/v2\/types\/page"}],"author":[{"embeddable":true,"href":"https:\/\/staging.hautarzt-markovic.de\/hr\/wp-json\/wp\/v2\/users\/3"}],"replies":[{"embeddable":true,"href":"https:\/\/staging.hautarzt-markovic.de\/hr\/wp-json\/wp\/v2\/comments?post=17527"}],"version-history":[{"count":0,"href":"https:\/\/staging.hautarzt-markovic.de\/hr\/wp-json\/wp\/v2\/pages\/17527\/revisions"}],"wp:attachment":[{"href":"https:\/\/staging.hautarzt-markovic.de\/hr\/wp-json\/wp\/v2\/media?parent=17527"}],"curies":[{"name":"wp","href":"https:\/\/api.w.org\/{rel}","templated":true}]}}